{"id":154,"date":"2018-12-08T16:12:06","date_gmt":"2018-12-08T15:12:06","guid":{"rendered":"http:\/\/ama-musique.com\/?page_id=154"},"modified":"2018-12-13T20:37:20","modified_gmt":"2018-12-13T19:37:20","slug":"politique-de-confidentialite","status":"publish","type":"page","link":"https:\/\/ama-musique.com\/index.php\/politique-de-confidentialite\/","title":{"rendered":"Politique de Confidentialit\u00e9"},"content":{"rendered":"<p>Conform\u00e9ment \u00e0 la R\u00e9glementation Europ\u00e9enne sur la protection des donn\u00e9es, voici notre politique de confidentialit\u00e9.<\/p>\n<p>Nous sommes une \u00e9cole de musique associative, et <strong>ce site n&rsquo;a pour but que de nous faire connaitre<\/strong>. Nous ne recueillons donc aucune donn\u00e9e personnelle et nous ne revendons aucune information.<\/p>\n<p>Comme tout site internet, nous utilisons des <a href=\"https:\/\/fr.wikipedia.org\/wiki\/Cookie_(informatique)\">cookies <\/a>dans le but unique de comptabiliser le nombre de visiteurs qui viennent sur notre site et \u00e9valuer ainsi son audience. Ceci se fait de fa\u00e7on anonyme (on peut savoir combien de personnes sont venues mais on ne peut pas savoir qui est venu).<\/p>\n<p>Ce site ne contient aucune publicit\u00e9.<\/p>\n<p>&nbsp;<\/p>\n<p>&nbsp;<\/p>\n","protected":false},"excerpt":{"rendered":"<p>Conform\u00e9ment \u00e0 la R\u00e9glementation Europ\u00e9enne sur la protection des donn\u00e9es, voici notre politique de confidentialit\u00e9. Nous sommes une \u00e9cole de musique associative, et ce site n&rsquo;a pour but que de nous faire connaitre. Nous ne recueillons donc aucune donn\u00e9e personnelle et nous ne revendons aucune information. Comme tout site internet, nous utilisons des cookies dans<a class=\"more-link\" href=\"https:\/\/ama-musique.com\/index.php\/politique-de-confidentialite\/\">Lire la suite de <span class=\"screen-reader-text\">\u00ab\u00a0Politique de Confidentialit\u00e9\u00a0\u00bb<\/span><\/a><\/p>\n","protected":false},"author":2,"featured_media":0,"parent":0,"menu_order":0,"comment_status":"closed","ping_status":"closed","template":"","meta":{"spay_email":"","footnotes":""},"tags":[],"jetpack_sharing_enabled":true,"jetpack_shortlink":"https:\/\/wp.me\/PauVnk-2u","_links":{"self":[{"href":"https:\/\/ama-musique.com\/index.php\/wp-json\/wp\/v2\/pages\/154"}],"collection":[{"href":"https:\/\/ama-musique.com\/index.php\/wp-json\/wp\/v2\/pages"}],"about":[{"href":"https:\/\/ama-musique.com\/index.php\/wp-json\/wp\/v2\/types\/page"}],"author":[{"embeddable":true,"href":"https:\/\/ama-musique.com\/index.php\/wp-json\/wp\/v2\/users\/2"}],"replies":[{"embeddable":true,"href":"https:\/\/ama-musique.com\/index.php\/wp-json\/wp\/v2\/comments?post=154"}],"version-history":[{"count":3,"href":"https:\/\/ama-musique.com\/index.php\/wp-json\/wp\/v2\/pages\/154\/revisions"}],"predecessor-version":[{"id":177,"href":"https:\/\/ama-musique.com\/index.php\/wp-json\/wp\/v2\/pages\/154\/revisions\/177"}],"wp:attachment":[{"href":"https:\/\/ama-musique.com\/index.php\/wp-json\/wp\/v2\/media?parent=154"}],"wp:term":[{"taxonomy":"post_tag","embeddable":true,"href":"https:\/\/ama-musique.com\/index.php\/wp-json\/wp\/v2\/tags?post=154"}],"curies":[{"name":"wp","href":"https:\/\/api.w.org\/{rel}","templated":true}]}}